{"id":51,"date":"2025-10-30T02:16:37","date_gmt":"2025-10-30T02:16:37","guid":{"rendered":"https:\/\/ieccuiaba.com.br\/?page_id=51"},"modified":"2026-02-04T06:08:52","modified_gmt":"2026-02-04T09:08:52","slug":"aigreja","status":"publish","type":"page","link":"https:\/\/ieccuiaba.com.br\/index.php\/aigreja\/","title":{"rendered":"A IGREJA"},"content":{"rendered":"\t\t<div data-elementor-type=\"wp-page\" data-elementor-id=\"51\" class=\"elementor elementor-51\" data-elementor-post-type=\"page\">\n\t\t\t\t\t\t<section class=\"elementor-section elementor-top-section elementor-element elementor-element-14e0dc04 elementor-section-boxed elementor-section-height-default elementor-section-height-default elementor-invisible\" data-id=\"14e0dc04\" data-element_type=\"section\" data-settings=\"{&quot;background_background&quot;:&quot;classic&quot;,&quot;animation&quot;:&quot;fadeIn&quot;}\">\n\t\t\t\t\t\t<div class=\"elementor-container elementor-column-gap-default\">\n\t\t\t\t\t<div class=\"elementor-column elementor-col-100 elementor-top-column elementor-element elementor-element-675c3c26\" data-id=\"675c3c26\" data-element_type=\"column\">\n\t\t\t<div class=\"elementor-widget-wrap elementor-element-populated\">\n\t\t\t\t\t\t<div class=\"elementor-element elementor-element-577fdde3 elementor-invisible elementor-widget elementor-widget-heading\" data-id=\"577fdde3\" data-element_type=\"widget\" data-settings=\"{&quot;_animation&quot;:&quot;fadeInUp&quot;}\" data-widget_type=\"heading.default\">\n\t\t\t\t\t<h3 class=\"elementor-heading-title elementor-size-default\">conhe\u00e7a<\/h3>\t\t\t\t<\/div>\n\t\t\t\t<div class=\"elementor-element elementor-element-5bafeafc elementor-invisible elementor-widget elementor-widget-heading\" data-id=\"5bafeafc\" data-element_type=\"widget\" data-settings=\"{&quot;_animation&quot;:&quot;fadeInUp&quot;}\" data-widget_type=\"heading.default\">\n\t\t\t\t\t<h2 class=\"elementor-heading-title elementor-size-default\">A IGREJA<\/h2>\t\t\t\t<\/div>\n\t\t\t\t<div class=\"elementor-element elementor-element-492d6b00 elementor-invisible elementor-widget elementor-widget-text-editor\" data-id=\"492d6b00\" data-element_type=\"widget\" data-settings=\"{&quot;_animation&quot;:&quot;fadeInUp&quot;,&quot;_animation_delay&quot;:100}\" data-widget_type=\"text-editor.default\">\n\t\t\t\t\t\t\t\t\t<h3 data-start=\"300\" data-end=\"361\">HIST\u00d3RICO DA IGREJA EVANG\u00c9LICA CONGREGACIONAL EM CUIAB\u00c1<\/h3>\t\t\t\t\t\t\t\t<\/div>\n\t\t\t\t\t<\/div>\n\t\t<\/div>\n\t\t\t\t\t<\/div>\n\t\t<\/section>\n\t\t<div class=\"elementor-element elementor-element-08f06c7 e-flex e-con-boxed e-con e-parent\" data-id=\"08f06c7\" data-element_type=\"container\">\n\t\t\t\t\t<div class=\"e-con-inner\">\n\t\t\t\t<div class=\"elementor-element elementor-element-dbe8deb elementor-widget elementor-widget-text-editor\" data-id=\"dbe8deb\" data-element_type=\"widget\" data-widget_type=\"text-editor.default\">\n\t\t\t\t\t\t\t\t\t<h3 data-start=\"292\" data-end=\"318\">O in\u00edcio de um sonho<\/h3><p data-start=\"319\" data-end=\"565\">O trabalho evang\u00e9lico congregacional em Cuiab\u00e1 nasceu do cora\u00e7\u00e3o mission\u00e1rio do <strong data-start=\"399\" data-end=\"448\">Departamento de Evangeliza\u00e7\u00e3o e Miss\u00f5es (DEM)<\/strong> da <strong data-start=\"452\" data-end=\"511\">Uni\u00e3o das Igrejas Evang\u00e9licas Congregacionais do Brasil<\/strong>, sob a presid\u00eancia do <strong data-start=\"534\" data-end=\"562\">Rev. Jair \u00c1lvares Pintor<\/strong>.<\/p><p data-start=\"567\" data-end=\"834\">No dia <strong data-start=\"574\" data-end=\"599\">19 de janeiro de 1983<\/strong>, chegaram \u00e0 capital mato-grossense o <strong data-start=\"637\" data-end=\"667\">pastor Jair Jos\u00e9 Rodrigues<\/strong>, sua esposa <strong data-start=\"680\" data-end=\"706\">Lenira Lopes Rodrigues<\/strong> e seus filhos <strong data-start=\"721\" data-end=\"750\">Jailene, Janderson e Jane<\/strong>, movidos por um mesmo prop\u00f3sito: <strong data-start=\"784\" data-end=\"831\">plantar uma igreja congregacional em Cuiab\u00e1<\/strong>.<\/p><h3 data-start=\"836\" data-end=\"858\">O primeiro culto<\/h3><p data-start=\"859\" data-end=\"1030\">Em <strong data-start=\"862\" data-end=\"889\">28 de fevereiro de 1983<\/strong>, \u00e0s 19h30, foi realizado o <strong data-start=\"917\" data-end=\"943\">primeiro culto p\u00fablico<\/strong>, na resid\u00eancia pastoral, situada \u00e0 Rua S\u00e3o Jos\u00e9 Oper\u00e1rio, n\u00ba 130, Bairro Dom Aquino.<\/p><p data-start=\"1032\" data-end=\"1291\">O culto teve in\u00edcio com o c\u00e2ntico n\u00ba 244 do <em data-start=\"1076\" data-end=\"1092\">Salmos e Hinos<\/em> e uma ora\u00e7\u00e3o conduzida pelo irm\u00e3o <strong data-start=\"1127\" data-end=\"1145\">Jos\u00e9 de Barros<\/strong>. Ap\u00f3s o per\u00edodo de louvor, o pastor Jair leu <strong data-start=\"1191\" data-end=\"1208\">Mateus 5:1\u201312<\/strong> e trouxe a mensagem evangel\u00edstica intitulada <em data-start=\"1254\" data-end=\"1288\">\u201cA bem-aventuran\u00e7a pela pobreza\u201d<\/em>.<\/p><p data-start=\"1293\" data-end=\"1672\">Naquele tempo, j\u00e1 havia em Cuiab\u00e1 e V\u00e1rzea Grande alguns irm\u00e3os congregacionais, que se tornaram <strong data-start=\"1390\" data-end=\"1412\">membros fundadores<\/strong>:<br data-start=\"1413\" data-end=\"1416\" \/>Jos\u00e9 Barros, Raimunda de Souza Barros, Deuseni de Souza Barros, Moseli de Souza Barros, Jos\u00e9 de Barros J\u00fanior, Marcos Cezar Gon\u00e7alves de Moura, Solange Corr\u00eaa Peixoto de Moura, Mariko Semoto Antoniete, Nelson Antoniete, Leide Antoniete e Neide Antoniete.<\/p><h3 data-start=\"1674\" data-end=\"1712\">Crescimento e primeiros desafios<\/h3><p data-start=\"1713\" data-end=\"1932\">Com o crescimento do grupo, surgiu a necessidade de um espa\u00e7o maior. A partir de <strong data-start=\"1794\" data-end=\"1811\">julho de 1983<\/strong>, os cultos passaram a ser realizados em um sal\u00e3o alugado na <strong data-start=\"1872\" data-end=\"1897\">Rua Dom Bosco, n\u00ba 410<\/strong>, pr\u00f3ximo ao Col\u00e9gio S\u00e3o Gon\u00e7alo.<\/p><p data-start=\"1934\" data-end=\"2222\">No final do mesmo ano, o local j\u00e1 se tornara pequeno. Assim, em <strong data-start=\"1998\" data-end=\"2015\">mar\u00e7o de 1984<\/strong>, a igreja alugou um sal\u00e3o mais amplo, no mesmo pr\u00e9dio \u2014 um espa\u00e7o que antes servia de ponto de encontro para pessoas viciadas em \u00e1lcool, e que agora se tornava <strong data-start=\"2176\" data-end=\"2219\">um lugar de louvor e adora\u00e7\u00e3o ao Senhor<\/strong>.<\/p><h3 data-start=\"2224\" data-end=\"2252\">A constru\u00e7\u00e3o do templo<\/h3><p data-start=\"2253\" data-end=\"2576\">A primeira propriedade adquirida pelo DEM n\u00e3o se mostrou adequada \u00e0 constru\u00e7\u00e3o de um templo. Com autoriza\u00e7\u00e3o do departamento, o terreno foi vendido por <strong data-start=\"2405\" data-end=\"2421\">CR$ 4.500,00<\/strong>, e, posteriormente, mais <strong data-start=\"2447\" data-end=\"2463\">CR$ 2.000,00<\/strong> foram enviados pelo DEM, possibilitando a compra do <strong data-start=\"2516\" data-end=\"2544\">primeiro terreno pr\u00f3prio<\/strong>, onde o templo foi edificado.<\/p><p data-start=\"2578\" data-end=\"2773\">Durante a gest\u00e3o do <strong data-start=\"2598\" data-end=\"2621\">pastor Ilton Aguiar<\/strong>, o irm\u00e3o <strong data-start=\"2631\" data-end=\"2656\">Jo\u00e3o Antoniete J\u00fanior<\/strong>, que havia trabalhado no Jap\u00e3o, entregou um d\u00edzimo acumulado que permitiu \u00e0 igreja adquirir <strong data-start=\"2749\" data-end=\"2770\">o terreno vizinho<\/strong>.<\/p><p data-start=\"2775\" data-end=\"3123\">Em <strong data-start=\"2778\" data-end=\"2795\">mar\u00e7o de 1985<\/strong>, teve in\u00edcio a <strong data-start=\"2811\" data-end=\"2835\">constru\u00e7\u00e3o do templo<\/strong>, e em <strong data-start=\"2842\" data-end=\"2864\">julho do mesmo ano<\/strong>, mesmo sem os acabamentos finais, o espa\u00e7o passou a ser utilizado para os cultos. O DEM contribuiu com uma pequena parte dos recursos, mas <strong data-start=\"3004\" data-end=\"3079\">80% do valor investido veio do esfor\u00e7o e da dedica\u00e7\u00e3o dos irm\u00e3os locais<\/strong> \u2014 um verdadeiro testemunho de f\u00e9 e uni\u00e3o.<\/p><h3 data-start=\"3125\" data-end=\"3168\">Pastores que marcaram nossa caminhada<\/h3><p data-start=\"3169\" data-end=\"3508\">O <strong data-start=\"3171\" data-end=\"3201\">pastor Jair Jos\u00e9 Rodrigues<\/strong> liderou a Igreja Evang\u00e9lica Congregacional de Cuiab\u00e1 por <strong data-start=\"3259\" data-end=\"3286\">sete anos ininterruptos<\/strong>, at\u00e9 dezembro de <strong data-start=\"3304\" data-end=\"3312\">1989<\/strong>, quando solicitou ao DEM a vinda de um novo obreiro. Ele permaneceu \u00e0 frente da igreja at\u00e9 <strong data-start=\"3404\" data-end=\"3421\">abril de 1990<\/strong>, quando assumiu o <strong data-start=\"3440\" data-end=\"3466\">pastor Ilton de Aguiar<\/strong>, permanecendo at\u00e9 <strong data-start=\"3485\" data-end=\"3505\">dezembro de 1993<\/strong>.<\/p><p data-start=\"3510\" data-end=\"3815\">Nos meses de <strong data-start=\"3523\" data-end=\"3554\">janeiro e fevereiro de 1994<\/strong>, o pastor Jair voltou a servir interinamente, at\u00e9 a chegada do <strong data-start=\"3618\" data-end=\"3650\">pastor Nilson Ferreira Braga<\/strong>, empossado em <strong data-start=\"3665\" data-end=\"3692\">28 de fevereiro de 1994<\/strong>. O pastor Nilson pastoreou a igreja at\u00e9 <strong data-start=\"3733\" data-end=\"3752\">janeiro de 1999<\/strong>, quando faleceu tragicamente em um acidente automobil\u00edstico.<\/p><p data-start=\"3817\" data-end=\"4107\">Ap\u00f3s esse per\u00edodo, o pastor Jair voltou a liderar a igreja, conciliando o minist\u00e9rio pastoral com o magist\u00e9rio em escolas p\u00fablicas de <strong data-start=\"3951\" data-end=\"3968\">V\u00e1rzea Grande<\/strong> e a dire\u00e7\u00e3o do <strong data-start=\"3984\" data-end=\"4030\">Semin\u00e1rio Congregacional \u2013 Extens\u00e3o Cuiab\u00e1<\/strong>. Essa fase desafiadora se estendeu de <strong data-start=\"4069\" data-end=\"4104\">janeiro de 1999 a mar\u00e7o de 2002<\/strong>.<\/p><p data-start=\"4109\" data-end=\"4304\">Em seguida, a <strong data-start=\"4123\" data-end=\"4164\">mission\u00e1ria L\u00edlia Tereza Santos Braga<\/strong> assumiu a lideran\u00e7a interina at\u00e9 <strong data-start=\"4198\" data-end=\"4214\">maio de 2003<\/strong>, sob orienta\u00e7\u00e3o do DEM e do pastor <strong data-start=\"4250\" data-end=\"4268\">Eliezer Duarte<\/strong>, secret\u00e1rio executivo de Miss\u00f5es.<\/p><p data-start=\"4306\" data-end=\"4669\">De <strong data-start=\"4309\" data-end=\"4341\">junho de 2003 a maio de 2006<\/strong>, o <strong data-start=\"4345\" data-end=\"4385\">pastor S\u00e9rgio Paulo Gil de Alc\u00e2ntara<\/strong> esteve \u00e0 frente da igreja.<br data-start=\"4412\" data-end=\"4415\" \/>Em <strong data-start=\"4418\" data-end=\"4435\">junho de 2006<\/strong>, o pastor <strong data-start=\"4446\" data-end=\"4469\">Jair Jos\u00e9 Rodrigues<\/strong> reassumiu o pastorado, servindo at\u00e9 <strong data-start=\"4506\" data-end=\"4525\">janeiro de 2010<\/strong>.<br data-start=\"4526\" data-end=\"4529\" \/>A partir de <strong data-start=\"4541\" data-end=\"4562\">fevereiro de 2010<\/strong>, a lideran\u00e7a passou ao <strong data-start=\"4586\" data-end=\"4619\">pastor Marcelo Pecora Ourives<\/strong>, que permaneceu at\u00e9 <strong data-start=\"4640\" data-end=\"4666\">30 de dezembro de 2024<\/strong>.<\/p><h3 data-start=\"4671\" data-end=\"4690\">Um novo tempo<\/h3><p data-start=\"4691\" data-end=\"4895\">Atualmente, a <strong data-start=\"4705\" data-end=\"4751\">Igreja Evang\u00e9lica Congregacional de Cuiab\u00e1<\/strong> est\u00e1 sob os <strong data-start=\"4764\" data-end=\"4822\">cuidados pastorais do Pr. M\u00e1rcio Ricardo Pereira Silva<\/strong>, que continua conduzindo, com f\u00e9 e dedica\u00e7\u00e3o, a obra iniciada em 1983.<\/p><p data-start=\"4897\" data-end=\"5145\">Mais de quatro d\u00e9cadas depois, seguimos firmes no prop\u00f3sito de <strong data-start=\"4960\" data-end=\"5028\">anunciar o Evangelho, edificar vidas e glorificar o nome de Deus<\/strong> \u2014 o mesmo sonho que motivou nossos primeiros irm\u00e3os e que, pela gra\u00e7a do Senhor, continua vivo em nossos cora\u00e7\u00f5es.<\/p>\t\t\t\t\t\t\t\t<\/div>\n\t\t\t\t\t<\/div>\n\t\t\t\t<\/div>\n\t\t\t\t<\/div>\n\t\t","protected":false},"excerpt":{"rendered":"<p>conhe\u00e7a A IGREJA HIST\u00d3RICO DA IGREJA EVANG\u00c9LICA CONGREGACIONAL EM CUIAB\u00c1 O in\u00edcio de um sonho O trabalho evang\u00e9lico congregacional em Cuiab\u00e1 nasceu do cora\u00e7\u00e3o mission\u00e1rio do Departamento de Evangeliza\u00e7\u00e3o e Miss\u00f5es (DEM) da Uni\u00e3o das Igrejas Evang\u00e9licas Congregacionais do Brasil, sob a presid\u00eancia do Rev. Jair \u00c1lvares Pintor. No dia 19 de janeiro de 1983, [&hellip;]<\/p>\n","protected":false},"author":1,"featured_media":0,"parent":0,"menu_order":0,"comment_status":"closed","ping_status":"closed","template":"elementor_header_footer","meta":{"footnotes":""},"class_list":["post-51","page","type-page","status-publish","hentry"],"_links":{"self":[{"href":"https:\/\/ieccuiaba.com.br\/index.php\/wp-json\/wp\/v2\/pages\/51","targetHints":{"allow":["GET"]}}],"collection":[{"href":"https:\/\/ieccuiaba.com.br\/index.php\/wp-json\/wp\/v2\/pages"}],"about":[{"href":"https:\/\/ieccuiaba.com.br\/index.php\/wp-json\/wp\/v2\/types\/page"}],"author":[{"embeddable":true,"href":"https:\/\/ieccuiaba.com.br\/index.php\/wp-json\/wp\/v2\/users\/1"}],"replies":[{"embeddable":true,"href":"https:\/\/ieccuiaba.com.br\/index.php\/wp-json\/wp\/v2\/comments?post=51"}],"version-history":[{"count":21,"href":"https:\/\/ieccuiaba.com.br\/index.php\/wp-json\/wp\/v2\/pages\/51\/revisions"}],"predecessor-version":[{"id":165,"href":"https:\/\/ieccuiaba.com.br\/index.php\/wp-json\/wp\/v2\/pages\/51\/revisions\/165"}],"wp:attachment":[{"href":"https:\/\/ieccuiaba.com.br\/index.php\/wp-json\/wp\/v2\/media?parent=51"}],"curies":[{"name":"wp","href":"https:\/\/api.w.org\/{rel}","templated":true}]}}